{"id":343,"date":"2024-12-26T18:53:55","date_gmt":"2024-12-26T18:53:55","guid":{"rendered":"http:\/\/andreasvonhippel.de\/?page_id=343"},"modified":"2024-12-29T11:45:43","modified_gmt":"2024-12-29T11:45:43","slug":"werke","status":"publish","type":"page","link":"https:\/\/andreasvonhippel.de\/?page_id=343","title":{"rendered":"WERKE"},"content":{"rendered":"\n<p><\/p>\n\n\n\n<p>In den letzten 50 Jahren hat der K\u00fcnstler Andreas von Hippel sich in verschiedene Bereiche der darstellenden Kunst eingearbeitet. Zun\u00e4chst <strong>Aquarellmalerei<\/strong>, anschlie\u00dfend <strong>Naturstudien in \u00d6l<\/strong> drau\u00dfen, durchgehend <strong>zeichnerische Darstellungen<\/strong>, <strong>abstrakte Malerei<\/strong> mit Schwerpunkt mit Schwerpunkt auf Farbfl\u00e4chenmalerei und seit Mitte der 80er Jahre zunehmend <strong>bildhauerische Darstellungen<\/strong> in Stein und Holz. <\/p>\n\n\n\n<div class=\"wp-block-columns is-layout-flex wp-container-core-columns-is-layout-9d6595d7 wp-block-columns-is-layout-flex\">\n<div class=\"wp-block-column is-layout-flow wp-block-column-is-layout-flow\">\n<figure class=\"wp-block-image size-large is-resized\"><a href=\"http:\/\/andreasvonhippel.de\/wp-content\/uploads\/2024\/12\/2024-Strand-Ruegen-Bleistiftzeichnung-16x19cm-scaled.jpg\"><img loading=\"lazy\" decoding=\"async\" src=\"http:\/\/andreasvonhippel.de\/wp-content\/uploads\/2024\/12\/2024-Strand-Ruegen-Bleistiftzeichnung-16x19cm-1024x943.jpg\" alt=\"\" class=\"wp-image-413\" width=\"257\" height=\"236\" srcset=\"https:\/\/andreasvonhippel.de\/wp-content\/uploads\/2024\/12\/2024-Strand-Ruegen-Bleistiftzeichnung-16x19cm-1024x943.jpg 1024w, https:\/\/andreasvonhippel.de\/wp-content\/uploads\/2024\/12\/2024-Strand-Ruegen-Bleistiftzeichnung-16x19cm-300x276.jpg 300w, https:\/\/andreasvonhippel.de\/wp-content\/uploads\/2024\/12\/2024-Strand-Ruegen-Bleistiftzeichnung-16x19cm-768x707.jpg 768w, https:\/\/andreasvonhippel.de\/wp-content\/uploads\/2024\/12\/2024-Strand-Ruegen-Bleistiftzeichnung-16x19cm-1536x1414.jpg 1536w, https:\/\/andreasvonhippel.de\/wp-content\/uploads\/2024\/12\/2024-Strand-Ruegen-Bleistiftzeichnung-16x19cm-2048x1885.jpg 2048w\" sizes=\"auto, (max-width: 257px) 100vw, 257px\" \/><\/a><\/figure>\n<\/div>\n\n\n\n<div class=\"wp-block-column is-layout-flow wp-block-column-is-layout-flow\">\n<figure class=\"wp-block-image size-full is-resized\"><a href=\"http:\/\/andreasvonhippel.de\/wp-content\/uploads\/2024\/12\/2010-G1002-Kinder-am-Strand-Oel-auf-Holz-ger.-38x38cm-160kb.jpg\"><img loading=\"lazy\" decoding=\"async\" src=\"http:\/\/andreasvonhippel.de\/wp-content\/uploads\/2024\/12\/2010-G1002-Kinder-am-Strand-Oel-auf-Holz-ger.-38x38cm-160kb.jpg\" alt=\"\" class=\"wp-image-414\" width=\"243\" height=\"235\" srcset=\"https:\/\/andreasvonhippel.de\/wp-content\/uploads\/2024\/12\/2010-G1002-Kinder-am-Strand-Oel-auf-Holz-ger.-38x38cm-160kb.jpg 800w, https:\/\/andreasvonhippel.de\/wp-content\/uploads\/2024\/12\/2010-G1002-Kinder-am-Strand-Oel-auf-Holz-ger.-38x38cm-160kb-768x747.jpg 768w\" sizes=\"auto, (max-width: 243px) 100vw, 243px\" \/><\/a><\/figure>\n<\/div>\n\n\n\n<div class=\"wp-block-column is-layout-flow wp-block-column-is-layout-flow\">\n<figure class=\"wp-block-image size-full is-resized\"><a href=\"http:\/\/andreasvonhippel.de\/wp-content\/uploads\/2024\/12\/2011-B1101-Indische-Frau-Sandstein-kl.jpg\"><img loading=\"lazy\" decoding=\"async\" src=\"http:\/\/andreasvonhippel.de\/wp-content\/uploads\/2024\/12\/2011-B1101-Indische-Frau-Sandstein-kl.jpg\" alt=\"\" class=\"wp-image-415\" width=\"147\" height=\"236\" srcset=\"https:\/\/andreasvonhippel.de\/wp-content\/uploads\/2024\/12\/2011-B1101-Indische-Frau-Sandstein-kl.jpg 286w, https:\/\/andreasvonhippel.de\/wp-content\/uploads\/2024\/12\/2011-B1101-Indische-Frau-Sandstein-kl-187x300.jpg 187w\" sizes=\"auto, (max-width: 147px) 100vw, 147px\" \/><\/a><\/figure>\n<\/div>\n<\/div>\n\n\n\n<p><\/p>\n\n\n\n<p><\/p>\n\n\n\n<ul class=\"wp-block-list\">\n<li>8<mark style=\"background-color:rgba(0, 0, 0, 0)\" class=\"has-inline-color has-black-color\">0e<\/mark>r bis Mitte 90er Jahre vornehmlich Aquarelle en plein air, auch auf zahlreichen Reisen, malerische Darstellung des Gesehenen und Erlebten, nachfolgend Wechsel zu kontinuierlicher \u00d6lmalerei plein air<\/li>\n\n\n\n<li>Mitte 90er bis 2000er Jahre vornehmlich unfig\u00fcrlich- informelle Farbmalerei mit Entwicklung von wild-formfreier zu rechteckiger Bildanlage, Ausloten der Farbqualit\u00e4t<\/li>\n\n\n\n<li>Mitte 2000er bis Mitte 2010er Jahre vornehmliche Arbeit an gro\u00dfformatigen Bl\u00fctengem\u00e4lden in \u00d6l, durch abstrakte und materielle Bildfl\u00e4chenerg\u00e4nzungen Bl\u00fctenbilder in eine moderne Gestaltung umgepr\u00e4gt<\/li>\n\n\n\n<li>Seit Mitte der 2010er Jahre vermehrt bildhauerische Arbeiten: Thema kleine Pferdeschnitzereien aus verschiedenen Holzsorten und Thema Steinarbeit<\/li>\n<\/ul>\n\n\n\n<p><\/p>\n\n\n\n<p><\/p>\n\n\n\n<p><\/p>\n\n\n\n<p><\/p>\n\n\n\n<h2 class=\"wp-block-heading\"><\/h2>\n","protected":false},"excerpt":{"rendered":"<p>In den letzten 50 Jahren hat der K\u00fcnstler Andreas von Hippel sich in verschiedene Bereiche der darstellenden Kunst eingearbeitet. Zun\u00e4chst Aquarellmalerei, anschlie\u00dfend Naturstudien in \u00d6l drau\u00dfen, durchgehend zeichnerische Darstellungen, abstrakte Malerei mit Schwerpunkt mit Schwerpunkt auf Farbfl\u00e4chenmalerei und seit Mitte der 80er Jahre zunehmend bildhauerische Darstellungen in Stein und Holz.<\/p>\n","protected":false},"author":2,"featured_media":0,"parent":0,"menu_order":0,"comment_status":"closed","ping_status":"closed","template":"","meta":{"footnotes":""},"class_list":["post-343","page","type-page","status-publish","hentry"],"_links":{"self":[{"href":"https:\/\/andreasvonhippel.de\/index.php?rest_route=\/wp\/v2\/pages\/343","targetHints":{"allow":["GET"]}}],"collection":[{"href":"https:\/\/andreasvonhippel.de\/index.php?rest_route=\/wp\/v2\/pages"}],"about":[{"href":"https:\/\/andreasvonhippel.de\/index.php?rest_route=\/wp\/v2\/types\/page"}],"author":[{"embeddable":true,"href":"https:\/\/andreasvonhippel.de\/index.php?rest_route=\/wp\/v2\/users\/2"}],"replies":[{"embeddable":true,"href":"https:\/\/andreasvonhippel.de\/index.php?rest_route=%2Fwp%2Fv2%2Fcomments&post=343"}],"version-history":[{"count":9,"href":"https:\/\/andreasvonhippel.de\/index.php?rest_route=\/wp\/v2\/pages\/343\/revisions"}],"predecessor-version":[{"id":473,"href":"https:\/\/andreasvonhippel.de\/index.php?rest_route=\/wp\/v2\/pages\/343\/revisions\/473"}],"wp:attachment":[{"href":"https:\/\/andreasvonhippel.de\/index.php?rest_route=%2Fwp%2Fv2%2Fmedia&parent=343"}],"curies":[{"name":"wp","href":"https:\/\/api.w.org\/{rel}","templated":true}]}}