{"id":399,"date":"2024-12-26T19:50:29","date_gmt":"2024-12-26T19:50:29","guid":{"rendered":"http:\/\/andreasvonhippel.de\/?page_id=399"},"modified":"2024-12-29T13:15:06","modified_gmt":"2024-12-29T13:15:06","slug":"malerei","status":"publish","type":"page","link":"https:\/\/andreasvonhippel.de\/?page_id=399","title":{"rendered":"WERKE | MALEREI"},"content":{"rendered":"\n<h2 class=\"wp-block-heading\"><\/h2>\n\n\n\n<p><\/p>\n\n\n\n<p>Ich arbeite vornehmlich mit \u00d6lfarben, oft Plainair-Malerei, also Landschaftsmalerei direkt vor der Natur. Viele fig\u00fcrliche Malereien entstehen auch im Atelier nach Bildvorlagen. Zus\u00e4tzlich studiere ich immer wieder Farbkombinationen an abstrakten Werken. Dabei gehe ich oft zur\u00fcck auf die Farb-Kontrast-Lehren von Goethe und Itten &#8211; entweder als geometrische Farbfl\u00e4chenmalerei oder in freien Kompositionen. <\/p>\n\n\n\n<p><\/p>\n\n\n\n<figure class=\"wp-block-image size-full is-resized\"><a href=\"http:\/\/andreasvonhippel.de\/wp-content\/uploads\/2024\/12\/G2301-Blick-zum-Westufer-Flensburgs-18x24-cm-1.jpg\"><img loading=\"lazy\" decoding=\"async\" src=\"http:\/\/andreasvonhippel.de\/wp-content\/uploads\/2024\/12\/G2301-Blick-zum-Westufer-Flensburgs-18x24-cm-1.jpg\" alt=\"\" class=\"wp-image-456\" width=\"840\" height=\"629\" srcset=\"https:\/\/andreasvonhippel.de\/wp-content\/uploads\/2024\/12\/G2301-Blick-zum-Westufer-Flensburgs-18x24-cm-1.jpg 600w, https:\/\/andreasvonhippel.de\/wp-content\/uploads\/2024\/12\/G2301-Blick-zum-Westufer-Flensburgs-18x24-cm-1-300x225.jpg 300w\" sizes=\"auto, (max-width: 840px) 100vw, 840px\" \/><\/a><figcaption class=\"wp-element-caption\">G 2301 &#8222;Blick zum Westufer Flensburgs&#8220;, \u00d6l auf Holz, 18x24cm<\/figcaption><\/figure>\n\n\n\n<p><\/p>\n\n\n\n<figure class=\"wp-block-image size-large\"><a href=\"http:\/\/andreasvonhippel.de\/wp-content\/uploads\/2024\/12\/2022-G2201-Ufer-Bothkamper-See-Oel-auf-Holz-145x21cm-unverk.jpg\"><img loading=\"lazy\" decoding=\"async\" width=\"1024\" height=\"713\" src=\"http:\/\/andreasvonhippel.de\/wp-content\/uploads\/2024\/12\/2022-G2201-Ufer-Bothkamper-See-Oel-auf-Holz-145x21cm-unverk-1024x713.jpg\" alt=\"\" class=\"wp-image-454\" srcset=\"https:\/\/andreasvonhippel.de\/wp-content\/uploads\/2024\/12\/2022-G2201-Ufer-Bothkamper-See-Oel-auf-Holz-145x21cm-unverk-1024x713.jpg 1024w, https:\/\/andreasvonhippel.de\/wp-content\/uploads\/2024\/12\/2022-G2201-Ufer-Bothkamper-See-Oel-auf-Holz-145x21cm-unverk-300x209.jpg 300w, https:\/\/andreasvonhippel.de\/wp-content\/uploads\/2024\/12\/2022-G2201-Ufer-Bothkamper-See-Oel-auf-Holz-145x21cm-unverk-768x534.jpg 768w, https:\/\/andreasvonhippel.de\/wp-content\/uploads\/2024\/12\/2022-G2201-Ufer-Bothkamper-See-Oel-auf-Holz-145x21cm-unverk.jpg 1256w\" sizes=\"auto, (max-width: 1024px) 100vw, 1024px\" \/><\/a><figcaption class=\"wp-element-caption\">G 2201 &#8222;Ufer Bothkamper See&#8220;, \u00d6l auf Holz, 14,5 x 21cm<\/figcaption><\/figure>\n\n\n\n<p><\/p>\n\n\n\n<figure class=\"wp-block-image size-full is-resized\"><a href=\"http:\/\/andreasvonhippel.de\/wp-content\/uploads\/2024\/12\/IMG_20230105_113545-Kopie-1.jpg\"><img loading=\"lazy\" decoding=\"async\" src=\"http:\/\/andreasvonhippel.de\/wp-content\/uploads\/2024\/12\/IMG_20230105_113545-Kopie-1.jpg\" alt=\"\" class=\"wp-image-464\" width=\"839\" height=\"851\" srcset=\"https:\/\/andreasvonhippel.de\/wp-content\/uploads\/2024\/12\/IMG_20230105_113545-Kopie-1.jpg 500w, https:\/\/andreasvonhippel.de\/wp-content\/uploads\/2024\/12\/IMG_20230105_113545-Kopie-1-296x300.jpg 296w\" sizes=\"auto, (max-width: 839px) 100vw, 839px\" \/><\/a><figcaption class=\"wp-element-caption\">G 1419 &#8222;Meer und Wald bei Westerholz&#8220;, \u00d6l auf Holz, 20x20cm<\/figcaption><\/figure>\n\n\n\n<p><\/p>\n\n\n\n<figure class=\"wp-block-image size-full is-resized\"><a href=\"http:\/\/andreasvonhippel.de\/wp-content\/uploads\/2024\/12\/image-24.png\"><img loading=\"lazy\" decoding=\"async\" src=\"http:\/\/andreasvonhippel.de\/wp-content\/uploads\/2024\/12\/image-24.png\" alt=\"\" class=\"wp-image-459\" width=\"840\" height=\"861\" srcset=\"https:\/\/andreasvonhippel.de\/wp-content\/uploads\/2024\/12\/image-24.png 600w, https:\/\/andreasvonhippel.de\/wp-content\/uploads\/2024\/12\/image-24-293x300.png 293w\" sizes=\"auto, (max-width: 840px) 100vw, 840px\" \/><\/a><figcaption class=\"wp-element-caption\">G 2403 &#8222;Blick zum Museumshafen Flensburg&#8220;, \u00d6l auf Holz, 12x12cm<\/figcaption><\/figure>\n\n\n\n<p><\/p>\n\n\n\n<figure class=\"wp-block-image size-large\"><a href=\"http:\/\/andreasvonhippel.de\/wp-content\/uploads\/2024\/12\/8-Fl.Hafenspitze-in-Oel-scaled.jpg\"><img loading=\"lazy\" decoding=\"async\" width=\"1024\" height=\"719\" src=\"http:\/\/andreasvonhippel.de\/wp-content\/uploads\/2024\/12\/8-Fl.Hafenspitze-in-Oel-1024x719.jpg\" alt=\"\" class=\"wp-image-460\" srcset=\"https:\/\/andreasvonhippel.de\/wp-content\/uploads\/2024\/12\/8-Fl.Hafenspitze-in-Oel-1024x719.jpg 1024w, https:\/\/andreasvonhippel.de\/wp-content\/uploads\/2024\/12\/8-Fl.Hafenspitze-in-Oel-300x211.jpg 300w, https:\/\/andreasvonhippel.de\/wp-content\/uploads\/2024\/12\/8-Fl.Hafenspitze-in-Oel-768x539.jpg 768w, https:\/\/andreasvonhippel.de\/wp-content\/uploads\/2024\/12\/8-Fl.Hafenspitze-in-Oel-1536x1079.jpg 1536w, https:\/\/andreasvonhippel.de\/wp-content\/uploads\/2024\/12\/8-Fl.Hafenspitze-in-Oel-2048x1438.jpg 2048w\" sizes=\"auto, (max-width: 1024px) 100vw, 1024px\" \/><\/a><figcaption class=\"wp-element-caption\">G 5\/7 &#8222;Winterbild Flensburger Hafen&#8220;, \u00d6l auf Karton, 15 x 21 cm<\/figcaption><\/figure>\n\n\n\n<p><\/p>\n\n\n\n<figure class=\"wp-block-image size-large\"><a href=\"http:\/\/andreasvonhippel.de\/wp-content\/uploads\/2024\/12\/2008-G823-Amselgesang-134kB-scaled.jpg\"><img loading=\"lazy\" decoding=\"async\" width=\"1024\" height=\"482\" src=\"http:\/\/andreasvonhippel.de\/wp-content\/uploads\/2024\/12\/2008-G823-Amselgesang-134kB-1024x482.jpg\" alt=\"\" class=\"wp-image-453\" srcset=\"https:\/\/andreasvonhippel.de\/wp-content\/uploads\/2024\/12\/2008-G823-Amselgesang-134kB-1024x482.jpg 1024w, https:\/\/andreasvonhippel.de\/wp-content\/uploads\/2024\/12\/2008-G823-Amselgesang-134kB-300x141.jpg 300w, https:\/\/andreasvonhippel.de\/wp-content\/uploads\/2024\/12\/2008-G823-Amselgesang-134kB-768x361.jpg 768w, https:\/\/andreasvonhippel.de\/wp-content\/uploads\/2024\/12\/2008-G823-Amselgesang-134kB-1536x722.jpg 1536w, https:\/\/andreasvonhippel.de\/wp-content\/uploads\/2024\/12\/2008-G823-Amselgesang-134kB-2048x963.jpg 2048w\" sizes=\"auto, (max-width: 1024px) 100vw, 1024px\" \/><\/a><figcaption class=\"wp-element-caption\">G 823 &#8222;Amselgesang&#8220;, \u00d6l auf Leinwand, Holz, Vergoldung, 40x68cm<\/figcaption><\/figure>\n\n\n\n<p><\/p>\n\n\n\n<figure class=\"wp-block-image size-full is-resized\"><a href=\"http:\/\/andreasvonhippel.de\/wp-content\/uploads\/2024\/12\/G804-Rosa-Celseana-Oel-auf-3Leinwaende-100x190cm-kl-Kopie.jpg\"><img loading=\"lazy\" decoding=\"async\" src=\"http:\/\/andreasvonhippel.de\/wp-content\/uploads\/2024\/12\/G804-Rosa-Celseana-Oel-auf-3Leinwaende-100x190cm-kl-Kopie.jpg\" alt=\"\" class=\"wp-image-468\" width=\"839\" height=\"442\" srcset=\"https:\/\/andreasvonhippel.de\/wp-content\/uploads\/2024\/12\/G804-Rosa-Celseana-Oel-auf-3Leinwaende-100x190cm-kl-Kopie.jpg 600w, https:\/\/andreasvonhippel.de\/wp-content\/uploads\/2024\/12\/G804-Rosa-Celseana-Oel-auf-3Leinwaende-100x190cm-kl-Kopie-300x158.jpg 300w\" sizes=\"auto, (max-width: 839px) 100vw, 839px\" \/><\/a><figcaption class=\"wp-element-caption\">G 804 &#8222;Rosa Celseana&#8220;, \u00d6l auf 3 Leinw\u00e4nde, 100 x 190 cm<\/figcaption><\/figure>\n\n\n\n<p><\/p>\n\n\n\n<figure class=\"wp-block-image size-large is-resized\"><a href=\"http:\/\/andreasvonhippel.de\/wp-content\/uploads\/2024\/12\/2009-G911-kl-Stockmalve-rosarot-Oel-auf-Karton-21x15cm.jpg\"><img loading=\"lazy\" decoding=\"async\" src=\"http:\/\/andreasvonhippel.de\/wp-content\/uploads\/2024\/12\/2009-G911-kl-Stockmalve-rosarot-Oel-auf-Karton-21x15cm-726x1024.jpg\" alt=\"\" class=\"wp-image-465\" width=\"842\" height=\"1188\" srcset=\"https:\/\/andreasvonhippel.de\/wp-content\/uploads\/2024\/12\/2009-G911-kl-Stockmalve-rosarot-Oel-auf-Karton-21x15cm-726x1024.jpg 726w, https:\/\/andreasvonhippel.de\/wp-content\/uploads\/2024\/12\/2009-G911-kl-Stockmalve-rosarot-Oel-auf-Karton-21x15cm-213x300.jpg 213w, https:\/\/andreasvonhippel.de\/wp-content\/uploads\/2024\/12\/2009-G911-kl-Stockmalve-rosarot-Oel-auf-Karton-21x15cm-768x1084.jpg 768w, https:\/\/andreasvonhippel.de\/wp-content\/uploads\/2024\/12\/2009-G911-kl-Stockmalve-rosarot-Oel-auf-Karton-21x15cm-1088x1536.jpg 1088w, https:\/\/andreasvonhippel.de\/wp-content\/uploads\/2024\/12\/2009-G911-kl-Stockmalve-rosarot-Oel-auf-Karton-21x15cm-1451x2048.jpg 1451w, https:\/\/andreasvonhippel.de\/wp-content\/uploads\/2024\/12\/2009-G911-kl-Stockmalve-rosarot-Oel-auf-Karton-21x15cm.jpg 1666w\" sizes=\"auto, (max-width: 842px) 100vw, 842px\" \/><\/a><figcaption class=\"wp-element-caption\">G 911 &#8222;Stockmalve rosarot&#8220;, \u00d6l auf Karton, 21&#215;15 cm<\/figcaption><\/figure>\n\n\n\n<p><\/p>\n\n\n\n<figure class=\"wp-block-image size-full is-resized\"><a href=\"http:\/\/andreasvonhippel.de\/wp-content\/uploads\/2024\/12\/image-5.png\"><img loading=\"lazy\" decoding=\"async\" src=\"http:\/\/andreasvonhippel.de\/wp-content\/uploads\/2024\/12\/image-5.png\" alt=\"\" class=\"wp-image-358\" width=\"840\" height=\"837\" srcset=\"https:\/\/andreasvonhippel.de\/wp-content\/uploads\/2024\/12\/image-5.png 300w, https:\/\/andreasvonhippel.de\/wp-content\/uploads\/2024\/12\/image-5-150x150.png 150w\" sizes=\"auto, (max-width: 840px) 100vw, 840px\" \/><\/a><figcaption class=\"wp-element-caption\">G 1105 &#8222;Farbquadrate mit \u00dcberleuchtungen&#8220;, \u00d6l auf Leinwand, 20x20cm<\/figcaption><\/figure>\n\n\n\n<p><\/p>\n\n\n\n<figure class=\"wp-block-image size-full is-resized\"><a href=\"http:\/\/andreasvonhippel.de\/wp-content\/uploads\/2024\/12\/2012-G1213-Kleine-rote-Quadrate-kl.jpg\"><img loading=\"lazy\" decoding=\"async\" src=\"http:\/\/andreasvonhippel.de\/wp-content\/uploads\/2024\/12\/2012-G1213-Kleine-rote-Quadrate-kl.jpg\" alt=\"\" class=\"wp-image-451\" width=\"839\" height=\"1267\" srcset=\"https:\/\/andreasvonhippel.de\/wp-content\/uploads\/2024\/12\/2012-G1213-Kleine-rote-Quadrate-kl.jpg 300w, https:\/\/andreasvonhippel.de\/wp-content\/uploads\/2024\/12\/2012-G1213-Kleine-rote-Quadrate-kl-199x300.jpg 199w\" sizes=\"auto, (max-width: 839px) 100vw, 839px\" \/><\/a><figcaption class=\"wp-element-caption\">G 1213 &#8222;Rote Quadrate&#8220;, \u00d6l auf Leinwand, 60x40cm<\/figcaption><\/figure>\n\n\n\n<p><\/p>\n\n\n\n<figure class=\"wp-block-image size-large\"><a href=\"http:\/\/andreasvonhippel.de\/wp-content\/uploads\/2024\/12\/3-Abstrakt-505.jpg\"><img loading=\"lazy\" decoding=\"async\" width=\"1024\" height=\"711\" src=\"http:\/\/andreasvonhippel.de\/wp-content\/uploads\/2024\/12\/3-Abstrakt-505-1024x711.jpg\" alt=\"\" class=\"wp-image-450\" srcset=\"https:\/\/andreasvonhippel.de\/wp-content\/uploads\/2024\/12\/3-Abstrakt-505-1024x711.jpg 1024w, https:\/\/andreasvonhippel.de\/wp-content\/uploads\/2024\/12\/3-Abstrakt-505-300x208.jpg 300w, https:\/\/andreasvonhippel.de\/wp-content\/uploads\/2024\/12\/3-Abstrakt-505-768x533.jpg 768w, https:\/\/andreasvonhippel.de\/wp-content\/uploads\/2024\/12\/3-Abstrakt-505.jpg 1498w\" sizes=\"auto, (max-width: 1024px) 100vw, 1024px\" \/><\/a><figcaption class=\"wp-element-caption\">G 505 &#8222;Improvisation Gr\u00fcn&#8220;, Acryl auf Leinwand, 50&#215;70 cm | VERKAUFT<\/figcaption><\/figure>\n\n\n\n<p><\/p>\n","protected":false},"excerpt":{"rendered":"<p>Ich arbeite vornehmlich mit \u00d6lfarben, oft Plainair-Malerei, also Landschaftsmalerei direkt vor der Natur. Viele fig\u00fcrliche Malereien entstehen auch im Atelier nach Bildvorlagen. Zus\u00e4tzlich studiere ich immer wieder Farbkombinationen an abstrakten Werken. Dabei gehe ich oft zur\u00fcck auf die Farb-Kontrast-Lehren von Goethe und Itten &#8211; entweder als geometrische Farbfl\u00e4chenmalerei oder in freien Kompositionen.<\/p>\n","protected":false},"author":2,"featured_media":0,"parent":0,"menu_order":0,"comment_status":"closed","ping_status":"closed","template":"","meta":{"footnotes":""},"class_list":["post-399","page","type-page","status-publish","hentry"],"_links":{"self":[{"href":"https:\/\/andreasvonhippel.de\/index.php?rest_route=\/wp\/v2\/pages\/399","targetHints":{"allow":["GET"]}}],"collection":[{"href":"https:\/\/andreasvonhippel.de\/index.php?rest_route=\/wp\/v2\/pages"}],"about":[{"href":"https:\/\/andreasvonhippel.de\/index.php?rest_route=\/wp\/v2\/types\/page"}],"author":[{"embeddable":true,"href":"https:\/\/andreasvonhippel.de\/index.php?rest_route=\/wp\/v2\/users\/2"}],"replies":[{"embeddable":true,"href":"https:\/\/andreasvonhippel.de\/index.php?rest_route=%2Fwp%2Fv2%2Fcomments&post=399"}],"version-history":[{"count":11,"href":"https:\/\/andreasvonhippel.de\/index.php?rest_route=\/wp\/v2\/pages\/399\/revisions"}],"predecessor-version":[{"id":527,"href":"https:\/\/andreasvonhippel.de\/index.php?rest_route=\/wp\/v2\/pages\/399\/revisions\/527"}],"wp:attachment":[{"href":"https:\/\/andreasvonhippel.de\/index.php?rest_route=%2Fwp%2Fv2%2Fmedia&parent=399"}],"curies":[{"name":"wp","href":"https:\/\/api.w.org\/{rel}","templated":true}]}}