{"id":401,"date":"2024-12-26T19:50:29","date_gmt":"2024-12-26T19:50:29","guid":{"rendered":"http:\/\/andreasvonhippel.de\/?page_id=401"},"modified":"2024-12-29T13:14:51","modified_gmt":"2024-12-29T13:14:51","slug":"zeichnung","status":"publish","type":"page","link":"https:\/\/andreasvonhippel.de\/?page_id=401","title":{"rendered":"WERKE | ZEICHNUNG"},"content":{"rendered":"\n<p><\/p>\n\n\n\n<p><\/p>\n\n\n\n<p><\/p>\n\n\n\n<p>Vor dem Zeichnen sortiere ich innerlich, wie ich die Ansicht fassen m\u00f6chte, um dann mit schnellen, pr\u00e4gnanten Linien den Eindruck festzulegen. So erarbeitete ich eine m\u00f6glichst reduzierte, aufs Wichtige konzentrierte Bildaussage. <\/p>\n\n\n\n<p><\/p>\n\n\n\n<figure class=\"wp-block-image size-full is-resized\"><a href=\"http:\/\/andreasvonhippel.de\/wp-content\/uploads\/2024\/12\/2024-Strand-Ruegen-Bleistiftzeichnung-16x19cm-kl.jpg\"><img loading=\"lazy\" decoding=\"async\" src=\"http:\/\/andreasvonhippel.de\/wp-content\/uploads\/2024\/12\/2024-Strand-Ruegen-Bleistiftzeichnung-16x19cm-kl.jpg\" alt=\"\" class=\"wp-image-421\" width=\"839\" height=\"772\" srcset=\"https:\/\/andreasvonhippel.de\/wp-content\/uploads\/2024\/12\/2024-Strand-Ruegen-Bleistiftzeichnung-16x19cm-kl.jpg 400w, https:\/\/andreasvonhippel.de\/wp-content\/uploads\/2024\/12\/2024-Strand-Ruegen-Bleistiftzeichnung-16x19cm-kl-300x276.jpg 300w\" sizes=\"auto, (max-width: 839px) 100vw, 839px\" \/><\/a><\/figure>\n\n\n\n<p><\/p>\n\n\n\n<p><\/p>\n\n\n\n<p><\/p>\n\n\n\n<figure class=\"wp-block-image size-large\"><a href=\"http:\/\/andreasvonhippel.de\/wp-content\/uploads\/2024\/12\/WhatsApp-Image-2024-12-28-at-17.21.05.jpeg\"><img loading=\"lazy\" decoding=\"async\" width=\"1024\" height=\"579\" src=\"http:\/\/andreasvonhippel.de\/wp-content\/uploads\/2024\/12\/WhatsApp-Image-2024-12-28-at-17.21.05-1024x579.jpeg\" alt=\"\" class=\"wp-image-423\" srcset=\"https:\/\/andreasvonhippel.de\/wp-content\/uploads\/2024\/12\/WhatsApp-Image-2024-12-28-at-17.21.05-1024x579.jpeg 1024w, https:\/\/andreasvonhippel.de\/wp-content\/uploads\/2024\/12\/WhatsApp-Image-2024-12-28-at-17.21.05-300x170.jpeg 300w, https:\/\/andreasvonhippel.de\/wp-content\/uploads\/2024\/12\/WhatsApp-Image-2024-12-28-at-17.21.05-768x434.jpeg 768w, https:\/\/andreasvonhippel.de\/wp-content\/uploads\/2024\/12\/WhatsApp-Image-2024-12-28-at-17.21.05-1536x868.jpeg 1536w, https:\/\/andreasvonhippel.de\/wp-content\/uploads\/2024\/12\/WhatsApp-Image-2024-12-28-at-17.21.05.jpeg 1600w\" sizes=\"auto, (max-width: 1024px) 100vw, 1024px\" \/><\/a><\/figure>\n","protected":false},"excerpt":{"rendered":"<p>Vor dem Zeichnen sortiere ich innerlich, wie ich die Ansicht fassen m\u00f6chte, um dann mit schnellen, pr\u00e4gnanten Linien den Eindruck festzulegen. So erarbeitete ich eine m\u00f6glichst reduzierte, aufs Wichtige konzentrierte Bildaussage.<\/p>\n","protected":false},"author":2,"featured_media":0,"parent":0,"menu_order":0,"comment_status":"closed","ping_status":"closed","template":"","meta":{"footnotes":""},"class_list":["post-401","page","type-page","status-publish","hentry"],"_links":{"self":[{"href":"https:\/\/andreasvonhippel.de\/index.php?rest_route=\/wp\/v2\/pages\/401","targetHints":{"allow":["GET"]}}],"collection":[{"href":"https:\/\/andreasvonhippel.de\/index.php?rest_route=\/wp\/v2\/pages"}],"about":[{"href":"https:\/\/andreasvonhippel.de\/index.php?rest_route=\/wp\/v2\/types\/page"}],"author":[{"embeddable":true,"href":"https:\/\/andreasvonhippel.de\/index.php?rest_route=\/wp\/v2\/users\/2"}],"replies":[{"embeddable":true,"href":"https:\/\/andreasvonhippel.de\/index.php?rest_route=%2Fwp%2Fv2%2Fcomments&post=401"}],"version-history":[{"count":7,"href":"https:\/\/andreasvonhippel.de\/index.php?rest_route=\/wp\/v2\/pages\/401\/revisions"}],"predecessor-version":[{"id":526,"href":"https:\/\/andreasvonhippel.de\/index.php?rest_route=\/wp\/v2\/pages\/401\/revisions\/526"}],"wp:attachment":[{"href":"https:\/\/andreasvonhippel.de\/index.php?rest_route=%2Fwp%2Fv2%2Fmedia&parent=401"}],"curies":[{"name":"wp","href":"https:\/\/api.w.org\/{rel}","templated":true}]}}